{"id":30,"date":"2015-10-18T19:29:15","date_gmt":"2015-10-18T19:29:15","guid":{"rendered":"https:\/\/consultorajuridica.com.br\/?page_id=30"},"modified":"2015-10-21T22:09:04","modified_gmt":"2015-10-22T00:09:04","slug":"qualificacao","status":"publish","type":"page","link":"https:\/\/consultorajuridica.com.br\/?page_id=30","title":{"rendered":"Qualifica\u00e7\u00e3o"},"content":{"rendered":"<h3 style=\"text-align: left;\">Roseane Gon\u00e7alves dos Santos Miranda<\/h3>\n<p style=\"text-align: left;\">Advogada, Assessora Especial, Consultora Jur\u00eddica;<br \/>\nAtuante na \u00e1rea do Direito Administrativo (governamental);<br \/>\nVolunt\u00e1ria em campanha de Direitos da Inf\u00e2ncia e Juventude;<br \/>\nExperiente em Direito Civil, Previdenci\u00e1rio, Trabalhista e Administrativo;<br \/>\nP\u00f3s Graduada em Direito do Trabalho, Especialista em Previdenci\u00e1rio;<br \/>\nP\u00f3s Graduanda em Gest\u00e3o P\u00fablica (UFS\/SE);<br \/>\nEx Diretora do Departamento de Assessoria Especial da Secretaria de Estado da Inclus\u00e3o, Assist\u00eancia e do Desenvolvimento Social de Sergipe \u2013 Consultoria Jur\u00eddica.<\/p>\n<ul>\n<li style=\"text-align: left;\">Assessora Jur\u00eddica e Legislativa<\/li>\n<li>Experi\u00eancia na gest\u00e3o de Programas e Projetos durante atua\u00e7\u00e3o junto ao Governo do Estado de Sergipe \u2013 Casa Civil \u2013 e como Diretora do Depto. de Assessoria Especial da Secretaria de Inclus\u00e3o, Assist\u00eancia e Desenvolvimento Social no \u00e2mbito Jur\u00eddico<\/li>\n<li style=\"text-align: left;\">20 anos de Experi\u00eancia jur\u00eddica, na Interposi\u00e7\u00e3o de Processos e recursos em geral<\/li>\n<li style=\"text-align: left;\">Elabora\u00e7\u00e3o e implementa\u00e7\u00e3o de Projetos de Lei e pol\u00edticas p\u00fablicas<\/li>\n<li style=\"text-align: left;\">Coordena\u00e7\u00e3o de comiss\u00f5es de procedimentos administrativos, licita\u00e7\u00f5es e preg\u00f5es p\u00fablicos<\/li>\n<li style=\"text-align: left;\">Palestrante sobre o Tema: Pedofilia na Internet (Direito e enfrentamento). Direitos Humanos e Servi\u00e7o Social. Coordenadora da Campanha Nacional de combate \u00e0 pedofilia na Internet <a href=\"http:\/\/www.censura.com.br\/\">www.censura.com.br<\/a><\/li>\n<li style=\"text-align: left;\">Autora da Cartilha Navegar com Seguran\u00e7a &#8211; ONG WCF Brasil e coautora em dois livros deste tema<\/li>\n<\/ul>\n","protected":false},"excerpt":{"rendered":"<p>Roseane Gon\u00e7alves dos Santos Miranda Advogada, Assessora Especial, Consultora Jur\u00eddica; Atuante na \u00e1rea do Direito Administrativo (governamental); Volunt\u00e1ria em campanha de Direitos da Inf\u00e2ncia e Juventude; Experiente em Direito Civil, Previdenci\u00e1rio, Trabalhista e Administrativo; P\u00f3s Graduada em Direito do Trabalho, Especialista em Previdenci\u00e1rio; P\u00f3s Graduanda em Gest\u00e3o P\u00fablica (UFS\/SE); Ex Diretora do Departamento de Assessoria [&hellip;]<\/p>\n","protected":false},"author":1,"featured_media":0,"parent":0,"menu_order":0,"comment_status":"closed","ping_status":"closed","template":"","meta":{"footnotes":""},"class_list":["post-30","page","type-page","status-publish","hentry"],"_links":{"self":[{"href":"https:\/\/consultorajuridica.com.br\/index.php?rest_route=\/wp\/v2\/pages\/30","targetHints":{"allow":["GET"]}}],"collection":[{"href":"https:\/\/consultorajuridica.com.br\/index.php?rest_route=\/wp\/v2\/pages"}],"about":[{"href":"https:\/\/consultorajuridica.com.br\/index.php?rest_route=\/wp\/v2\/types\/page"}],"author":[{"embeddable":true,"href":"https:\/\/consultorajuridica.com.br\/index.php?rest_route=\/wp\/v2\/users\/1"}],"replies":[{"embeddable":true,"href":"https:\/\/consultorajuridica.com.br\/index.php?rest_route=%2Fwp%2Fv2%2Fcomments&post=30"}],"version-history":[{"count":36,"href":"https:\/\/consultorajuridica.com.br\/index.php?rest_route=\/wp\/v2\/pages\/30\/revisions"}],"predecessor-version":[{"id":68,"href":"https:\/\/consultorajuridica.com.br\/index.php?rest_route=\/wp\/v2\/pages\/30\/revisions\/68"}],"wp:attachment":[{"href":"https:\/\/consultorajuridica.com.br\/index.php?rest_route=%2Fwp%2Fv2%2Fmedia&parent=30"}],"curies":[{"name":"wp","href":"https:\/\/api.w.org\/{rel}","templated":true}]}}