{"id":2,"date":"2015-10-16T17:15:59","date_gmt":"2015-10-16T17:15:59","guid":{"rendered":"https:\/\/consultorajuridica.com.br\/?page_id=2"},"modified":"2021-04-11T00:36:21","modified_gmt":"2021-04-11T03:36:21","slug":"consulta-processual","status":"publish","type":"page","link":"http:\/\/consultorajuridica.com.br\/?page_id=2","title":{"rendered":"Consulta Processual"},"content":{"rendered":"<p>Aqui voc\u00ea pode acompanhar o andamento do seu processo.<br \/>\nBasta clicar no link abaixo e digitar o n\u00famero do processo:<\/p>\n<blockquote><p><a href=\"https:\/\/portal3.dataprev.gov.br\/\" target=\"_blank\" rel=\"noopener\">Processos Administrativos do INSS<\/a><br \/>\n<a href=\"http:\/\/www.jfsp.jus.br\/jef\/\" target=\"_blank\" rel=\"noopener\">Juizado Especial Federal<\/a><br \/>\n<a href=\"http:\/\/www.jfsp.jus.br\/foruns-federais\/\" target=\"_blank\" rel=\"noopener\">Varas Federais \/ Previdenci\u00e1rias<\/a><br \/>\n<a href=\"https:\/\/esaj.tjsp.jus.br\/\" target=\"_blank\" rel=\"noopener\">Varas Estaduais \/ Acident\u00e1rias<\/a><br \/>\n<a href=\"http:\/\/www.trf3.jus.br\/\" target=\"_blank\" rel=\"noopener\">Tribunal Regional Federal<\/a><br \/>\n<a href=\"http:\/\/www.stj.jus.br\/\" target=\"_blank\" rel=\"noopener\">Superior Tribunal de Justi\u00e7a<\/a><br \/>\n<a href=\"http:\/\/www.stf.jus.br\/\" target=\"_blank\" rel=\"noopener\">Supremo Tribunal Federal<\/a><\/p><\/blockquote>\n<p>Caso tenha alguma d\u00favida para fazer sua primeira consulta, entre em contato.<\/p>\n","protected":false},"excerpt":{"rendered":"<p>Aqui voc\u00ea pode acompanhar o andamento do seu processo. Basta clicar no link abaixo e digitar o n\u00famero do processo: Processos Administrativos do INSS Juizado Especial Federal Varas Federais \/ Previdenci\u00e1rias Varas Estaduais \/ Acident\u00e1rias Tribunal Regional Federal Superior Tribunal de Justi\u00e7a Supremo Tribunal Federal Caso tenha alguma d\u00favida para fazer sua primeira consulta, entre [&hellip;]<\/p>\n","protected":false},"author":1,"featured_media":0,"parent":0,"menu_order":0,"comment_status":"closed","ping_status":"open","template":"","meta":{"footnotes":""},"class_list":["post-2","page","type-page","status-publish","hentry"],"_links":{"self":[{"href":"http:\/\/consultorajuridica.com.br\/index.php?rest_route=\/wp\/v2\/pages\/2","targetHints":{"allow":["GET"]}}],"collection":[{"href":"http:\/\/consultorajuridica.com.br\/index.php?rest_route=\/wp\/v2\/pages"}],"about":[{"href":"http:\/\/consultorajuridica.com.br\/index.php?rest_route=\/wp\/v2\/types\/page"}],"author":[{"embeddable":true,"href":"http:\/\/consultorajuridica.com.br\/index.php?rest_route=\/wp\/v2\/users\/1"}],"replies":[{"embeddable":true,"href":"http:\/\/consultorajuridica.com.br\/index.php?rest_route=%2Fwp%2Fv2%2Fcomments&post=2"}],"version-history":[{"count":12,"href":"http:\/\/consultorajuridica.com.br\/index.php?rest_route=\/wp\/v2\/pages\/2\/revisions"}],"predecessor-version":[{"id":566,"href":"http:\/\/consultorajuridica.com.br\/index.php?rest_route=\/wp\/v2\/pages\/2\/revisions\/566"}],"wp:attachment":[{"href":"http:\/\/consultorajuridica.com.br\/index.php?rest_route=%2Fwp%2Fv2%2Fmedia&parent=2"}],"curies":[{"name":"wp","href":"https:\/\/api.w.org\/{rel}","templated":true}]}}